{"id":2086,"date":"2024-03-14T16:04:54","date_gmt":"2024-03-14T16:04:54","guid":{"rendered":"https:\/\/discover.anandakalyani.org\/?page_id=2086"},"modified":"2024-04-08T13:01:01","modified_gmt":"2024-04-08T13:01:01","slug":"upcoming-events","status":"publish","type":"page","link":"https:\/\/discover.anandakalyani.org\/pt\/upcoming-events\/","title":{"rendered":"Upcoming events"},"content":{"rendered":"\n<div style=\"height:60px\" aria-hidden=\"true\" class=\"wp-block-spacer\"><\/div>\n\n\n\n<p class=\"wp-block-paragraph\"><div class=\"mec-wrap mec-skin-list-container  \" id=\"mec_skin_2996\">\r\n\r\n    <form id=\"mec_search_form_2996\" class=\"mec-search-form mec-totalcal-box mec-dropdown-classic\" autocomplete=\"off\"><div class=\"mec-dropdown-wrap\" ><div class=\"mec-simple-checkboxes-search\"><i class=\"mec-sl-user\"><\/i><div class=\"mec-searchbar-organizer-wrap\"><ul id=\"mec_sf_organizer_2996\"><li id=\"mec_organizer-125\">\r\n                        <label class=\"selectit\"><input value=\"125\" title=\"Ananda Festival\" type=\"checkbox\" name=\"tax_input[mec_organizer][]\" id=\"in-mec_organizer-125\" > Ananda Festival<\/label>\r\n                    <\/li><\/ul><\/div><\/div><\/div><div class=\"mec-date-search\"><i class=\"mec-sl-calendar\"><\/i>\r\n                    <input class=\"mec-col-3 mec_date_picker_dynamic_format_start\" data-min=\"2026-04-25\" type=\"text\"\r\n                           id=\"mec_sf_date_start_2996\"\r\n                           name=\"sf[date_start]\"\r\n                           placeholder=\"Start\" title=\"Start\" autocomplete=\"off\">\r\n                    <input class=\"mec-col-3 mec_date_picker_dynamic_format_end\" type=\"text\"\r\n                           id=\"mec_sf_date_end_2996\"\r\n                           name=\"sf[date_end]\"\r\n                           placeholder=\"End\" title=\"End\" autocomplete=\"off\">\r\n                <\/div><div class=\"mec-text-input-search\"><i class=\"mec-sl-magnifier\"><\/i>\r\n                    <input type=\"search\" value=\"\" id=\"mec_sf_s_2996\" placeholder=\"Search event\" title=\"Search event\" \/>\r\n                <\/div><\/form>\r\n            <div class=\"mec-skin-list-events-container\" id=\"mec_skin_events_2996\">\r\n        <div class=\"mec-wrap colorskin-custom\">\r\n\t<div class=\"mec-event-list-standard\">\r\n\t\t\r\n                        <div class=\"mec-month-divider\" data-toggle-divider=\"mec-toggle-202606-2996\"><h5 style=\"display: inline;\">Junho 2026<\/h5><i class=\"mec-sl-arrow-down\"><\/i><\/div>\r\n            \r\n                        <article class=\"mec-event-article  mec-clear  mec-divider-toggle mec-toggle-202606-2996\" itemscope>\r\n                                                        <div class=\"mec-topsec\">\r\n                                        <div class=\"col-md-3 mec-event-image-wrap mec-col-table-c\">\r\n                            <div class=\"mec-event-image\"><a data-event-id=\"4646\" href=\"https:\/\/discover.anandakalyani.org\/pt\/events\/spiritual-meditation-intensive-program\/\" target=\"_blank\" rel=\"noopener\"><img loading=\"lazy\" decoding=\"async\" width=\"300\" height=\"200\" src=\"https:\/\/discover.anandakalyani.org\/wp-content\/uploads\/2024\/03\/MG_7888-scaled.jpeg\" class=\"attachment-thumblist size-thumblist wp-post-image\" alt=\"\" data-mec-postid=\"4646\" \/><\/a><\/div>\r\n                        <\/div>\r\n                        \r\n                        <div class=\"col-md-6 mec-col-table-c mec-event-content-wrap\">\r\n                            <div class=\"mec-event-content\">\r\n                                                                                                <h3 class=\"mec-event-title\"><a class=\"mec-color-hover\" data-event-id=\"4646\" href=\"https:\/\/discover.anandakalyani.org\/pt\/events\/spiritual-meditation-intensive-program\/\" target=\"_blank\" rel=\"noopener\">Spiritual Meditation Intensive Program<\/a><\/h3>\r\n                                <div class=\"mec-event-description\"><\/div>\r\n                            <\/div>\r\n                        <\/div>\r\n                        <div class=\"col-md-3 mec-col-table-c mec-event-meta-wrap\">\r\n                            <div class=\"mec-event-meta mec-color-before\">\r\n                                <div class=\"mec-date-details\">\r\n                                                                            <span class=\"mec-event-d\"><i class=\"mec-sl-calendar\"><\/i><span class=\"mec-start-date-label\">18 - 28 Jun<\/span><\/span>\r\n                                                                    <\/div>\r\n                                                                <div class=\"mec-time-details\"><svg xmlns=\"http:\/\/www.w3.org\/2000\/svg\" width=\"16\" height=\"16\" viewBox=\"0 0 16 16\"><path id=\"clock\" d=\"M8,16a8,8,0,1,1,8-8A8.009,8.009,0,0,1,8,16ZM8,1.333A6.667,6.667,0,1,0,14.667,8,6.674,6.674,0,0,0,8,1.333Zm2.667,10a.665.665,0,0,1-.471-.2L7.529,8.471a.666.666,0,0,1-.144-.217A.673.673,0,0,1,7.333,8V3.333a.667.667,0,1,1,1.333,0V7.724L11.138,10.2a.667.667,0,0,1-.471,1.138Z\" fill=\"#60daf2\" \/><\/svg><span class=\"mec-start-time\">8:00 pm<\/span> - <span class=\"mec-end-time\">6:00 pm<\/span><\/div>                                                                                                                                                                                                \r\n                                <!--                                -->                            <\/div>\r\n                        <\/div>\r\n                    <\/div>\r\n                    <div class=\"mec-event-footer\">\r\n                                                                                                                        <a class=\"mec-booking-button\" data-event-id=\"4646\" href=\"https:\/\/discover.anandakalyani.org\/pt\/events\/spiritual-meditation-intensive-program\/\" target=\"_blank\" rel=\"noopener\">View Detail<\/a>                    <\/div>\r\n                            <\/article>\r\n            \t\t\r\n                        <div class=\"mec-month-divider\" data-toggle-divider=\"mec-toggle-202607-2996\"><h5 style=\"display: inline;\">Julho 2026<\/h5><i class=\"mec-sl-arrow-down\"><\/i><\/div>\r\n            \r\n                        <article class=\"mec-event-article  mec-clear  mec-divider-toggle mec-toggle-202607-2996\" itemscope>\r\n                                                        <div class=\"mec-topsec\">\r\n                                        <div class=\"col-md-3 mec-event-image-wrap mec-col-table-c\">\r\n                            <div class=\"mec-event-image\"><a data-event-id=\"4590\" href=\"https:\/\/discover.anandakalyani.org\/pt\/events\/ananda-festival-of-bliss-2026\/\" target=\"_blank\" rel=\"noopener\"><img loading=\"lazy\" decoding=\"async\" width=\"300\" height=\"300\" src=\"https:\/\/discover.anandakalyani.org\/wp-content\/uploads\/2025\/12\/AFOB-3-300x300.jpeg\" class=\"attachment-thumblist size-thumblist wp-post-image\" alt=\"\" data-mec-postid=\"4590\" \/><\/a><\/div>\r\n                        <\/div>\r\n                        \r\n                        <div class=\"col-md-6 mec-col-table-c mec-event-content-wrap\">\r\n                            <div class=\"mec-event-content\">\r\n                                                                                                <h3 class=\"mec-event-title\"><a class=\"mec-color-hover\" data-event-id=\"4590\" href=\"https:\/\/discover.anandakalyani.org\/pt\/events\/ananda-festival-of-bliss-2026\/\" target=\"_blank\" rel=\"noopener\">Ananda Festival of Bliss 2026<\/a><span class=\"event-color\" style=\"background: #dd823b\"><\/span><\/h3>\r\n                                <div class=\"mec-event-description\">O Ananda Festival of Bliss \u00e9 uma celebra\u00e7\u00e3o da arte, da natureza e do viver consciente \u2014 uma experi\u00eancia transformadora [&hellip;]<\/div>\r\n                            <\/div>\r\n                        <\/div>\r\n                        <div class=\"col-md-3 mec-col-table-c mec-event-meta-wrap\">\r\n                            <div class=\"mec-event-meta mec-color-before\">\r\n                                <div class=\"mec-date-details\">\r\n                                                                            <span class=\"mec-event-d\"><i class=\"mec-sl-calendar\"><\/i><span class=\"mec-start-date-label\">08 - 12 Jul<\/span><\/span>\r\n                                                                    <\/div>\r\n                                                                <div class=\"mec-time-details\"><svg xmlns=\"http:\/\/www.w3.org\/2000\/svg\" width=\"16\" height=\"16\" viewBox=\"0 0 16 16\"><path id=\"clock\" d=\"M8,16a8,8,0,1,1,8-8A8.009,8.009,0,0,1,8,16ZM8,1.333A6.667,6.667,0,1,0,14.667,8,6.674,6.674,0,0,0,8,1.333Zm2.667,10a.665.665,0,0,1-.471-.2L7.529,8.471a.666.666,0,0,1-.144-.217A.673.673,0,0,1,7.333,8V3.333a.667.667,0,1,1,1.333,0V7.724L11.138,10.2a.667.667,0,0,1-.471,1.138Z\" fill=\"#60daf2\" \/><\/svg><span class=\"mec-start-time\">3:00 pm<\/span> - <span class=\"mec-end-time\">5:00 pm<\/span><\/div>                                                                                                                                <div class=\"mec-shortcode-organizers\"><i class=\"mec-sl-user\"><\/i><ul class=\"mec-organizers\"><li class=\"mec-organizer-item\"><a class=\"mec-color-hover\" href=\"http:\/\/www.anandafestival.pt\" target=\"_blank\">Ananda Festival<\/a><\/li><\/ul><\/div>                                                                \r\n                                <!--                                -->                            <\/div>\r\n                        <\/div>\r\n                    <\/div>\r\n                    <div class=\"mec-event-footer\">\r\n                                                                                                <a class=\"mec-modal-booking-button mec-mb-button\" href=\"https:\/\/discover.anandakalyani.org\/pt\/events\/ananda-festival-of-bliss-2026\/?method=mec-booking-modal\" data-featherlight=\"iframe\" data-featherlight-iframe-height=\"450\" data-featherlight-iframe-width=\"700\">Book Event<\/a>                        <a class=\"mec-booking-button\" data-event-id=\"4590\" href=\"https:\/\/discover.anandakalyani.org\/pt\/events\/ananda-festival-of-bliss-2026\/\" target=\"_blank\" rel=\"noopener\">View Detail<\/a>                    <\/div>\r\n                            <\/article>\r\n            \t\t\r\n                        <div class=\"mec-month-divider\" data-toggle-divider=\"mec-toggle-202608-2996\"><h5 style=\"display: inline;\">Agosto 2026<\/h5><i class=\"mec-sl-arrow-down\"><\/i><\/div>\r\n            \r\n                        <article class=\"mec-event-article  mec-clear  mec-divider-toggle mec-toggle-202608-2996\" itemscope>\r\n                                                        <div class=\"mec-topsec\">\r\n                                        <div class=\"col-md-3 mec-event-image-wrap mec-col-table-c\">\r\n                            <div class=\"mec-event-image\"><a data-event-id=\"4647\" href=\"https:\/\/discover.anandakalyani.org\/pt\/events\/spiritual-warrior-camp\/\" target=\"_blank\" rel=\"noopener\"><img loading=\"lazy\" decoding=\"async\" width=\"300\" height=\"300\" src=\"https:\/\/discover.anandakalyani.org\/wp-content\/uploads\/2024\/12\/MG_2466-300x300.jpeg\" class=\"attachment-thumblist size-thumblist wp-post-image\" alt=\"\" data-mec-postid=\"4647\" \/><\/a><\/div>\r\n                        <\/div>\r\n                        \r\n                        <div class=\"col-md-6 mec-col-table-c mec-event-content-wrap\">\r\n                            <div class=\"mec-event-content\">\r\n                                                                                                <h3 class=\"mec-event-title\"><a class=\"mec-color-hover\" data-event-id=\"4647\" href=\"https:\/\/discover.anandakalyani.org\/pt\/events\/spiritual-warrior-camp\/\" target=\"_blank\" rel=\"noopener\">Spiritual Warrior Camp<\/a><\/h3>\r\n                                <div class=\"mec-event-description\"><\/div>\r\n                            <\/div>\r\n                        <\/div>\r\n                        <div class=\"col-md-3 mec-col-table-c mec-event-meta-wrap\">\r\n                            <div class=\"mec-event-meta mec-color-before\">\r\n                                <div class=\"mec-date-details\">\r\n                                                                            <span class=\"mec-event-d\"><i class=\"mec-sl-calendar\"><\/i><span class=\"mec-start-date-label\">31 Ago<\/span><span class=\"mec-end-date-label\" itemprop=\"endDate\"> - 06 Set<\/span><\/span>\r\n                                                                    <\/div>\r\n                                                                <div class=\"mec-time-details\"><svg xmlns=\"http:\/\/www.w3.org\/2000\/svg\" width=\"16\" height=\"16\" viewBox=\"0 0 16 16\"><path id=\"clock\" d=\"M8,16a8,8,0,1,1,8-8A8.009,8.009,0,0,1,8,16ZM8,1.333A6.667,6.667,0,1,0,14.667,8,6.674,6.674,0,0,0,8,1.333Zm2.667,10a.665.665,0,0,1-.471-.2L7.529,8.471a.666.666,0,0,1-.144-.217A.673.673,0,0,1,7.333,8V3.333a.667.667,0,1,1,1.333,0V7.724L11.138,10.2a.667.667,0,0,1-.471,1.138Z\" fill=\"#60daf2\" \/><\/svg><span class=\"mec-start-time\">8:00 pm<\/span> - <span class=\"mec-end-time\">6:00 pm<\/span><\/div>                                                                                                                                                                                                \r\n                                <!--                                -->                            <\/div>\r\n                        <\/div>\r\n                    <\/div>\r\n                    <div class=\"mec-event-footer\">\r\n                                                                                                                        <a class=\"mec-booking-button\" data-event-id=\"4647\" href=\"https:\/\/discover.anandakalyani.org\/pt\/events\/spiritual-warrior-camp\/\" target=\"_blank\" rel=\"noopener\">View Detail<\/a>                    <\/div>\r\n                            <\/article>\r\n            \t\t\r\n                        <div class=\"mec-month-divider\" data-toggle-divider=\"mec-toggle-202610-2996\"><h5 style=\"display: inline;\">Outubro 2026<\/h5><i class=\"mec-sl-arrow-down\"><\/i><\/div>\r\n            \r\n                        <article class=\"mec-event-article  mec-clear  mec-divider-toggle mec-toggle-202610-2996\" itemscope>\r\n                                                        <div class=\"mec-topsec\">\r\n                                        <div class=\"col-md-3 mec-event-image-wrap mec-col-table-c\">\r\n                            <div class=\"mec-event-image\"><a data-event-id=\"4650\" href=\"https:\/\/discover.anandakalyani.org\/pt\/events\/yoga-detox-retreat-ii\/\" target=\"_blank\" rel=\"noopener\"><img loading=\"lazy\" decoding=\"async\" width=\"300\" height=\"300\" src=\"https:\/\/discover.anandakalyani.org\/wp-content\/uploads\/2024\/05\/438094194_829594469209146_5204269877504057573_n-300x300.jpg\" class=\"attachment-thumblist size-thumblist wp-post-image\" alt=\"\" data-mec-postid=\"4650\" \/><\/a><\/div>\r\n                        <\/div>\r\n                        \r\n                        <div class=\"col-md-6 mec-col-table-c mec-event-content-wrap\">\r\n                            <div class=\"mec-event-content\">\r\n                                                                                                <h3 class=\"mec-event-title\"><a class=\"mec-color-hover\" data-event-id=\"4650\" href=\"https:\/\/discover.anandakalyani.org\/pt\/events\/yoga-detox-retreat-ii\/\" target=\"_blank\" rel=\"noopener\">Yoga Detox Retreat II<\/a><\/h3>\r\n                                <div class=\"mec-event-description\">Sobre o Programa Sabias que, segundo a Organiza\u00e7\u00e3o Mundial da Sa\u00fade, at\u00e9 80% das doen\u00e7as n\u00e3o transmiss\u00edveis podem ser prevenidas? [&hellip;]<\/div>\r\n                            <\/div>\r\n                        <\/div>\r\n                        <div class=\"col-md-3 mec-col-table-c mec-event-meta-wrap\">\r\n                            <div class=\"mec-event-meta mec-color-before\">\r\n                                <div class=\"mec-date-details\">\r\n                                                                            <span class=\"mec-event-d\"><i class=\"mec-sl-calendar\"><\/i><span class=\"mec-start-date-label\">05 - 11 Out<\/span><\/span>\r\n                                                                    <\/div>\r\n                                                                <div class=\"mec-time-details\"><svg xmlns=\"http:\/\/www.w3.org\/2000\/svg\" width=\"16\" height=\"16\" viewBox=\"0 0 16 16\"><path id=\"clock\" d=\"M8,16a8,8,0,1,1,8-8A8.009,8.009,0,0,1,8,16ZM8,1.333A6.667,6.667,0,1,0,14.667,8,6.674,6.674,0,0,0,8,1.333Zm2.667,10a.665.665,0,0,1-.471-.2L7.529,8.471a.666.666,0,0,1-.144-.217A.673.673,0,0,1,7.333,8V3.333a.667.667,0,1,1,1.333,0V7.724L11.138,10.2a.667.667,0,0,1-.471,1.138Z\" fill=\"#60daf2\" \/><\/svg><span class=\"mec-start-time\">6:00 pm<\/span> - <span class=\"mec-end-time\">3:00 pm<\/span><\/div>                                                                                                                                                                                                \r\n                                <!--                                -->                            <\/div>\r\n                        <\/div>\r\n                    <\/div>\r\n                    <div class=\"mec-event-footer\">\r\n                                                                                                                        <a class=\"mec-booking-button\" data-event-id=\"4650\" href=\"https:\/\/discover.anandakalyani.org\/pt\/events\/yoga-detox-retreat-ii\/\" target=\"_blank\" rel=\"noopener\">View Detail<\/a>                    <\/div>\r\n                            <\/article>\r\n            \t\t\t<\/div>\r\n<\/div>\r\n\r\n    <\/div>\r\n    <div class=\"mec-skin-list-no-events-container mec-util-hidden\" id=\"mec_skin_no_events_2996\">\r\n        No event found!    <\/div>\r\n    \r\n    \r\n<\/div>\r\n<\/p>\n","protected":false},"excerpt":{"rendered":"","protected":false},"author":1,"featured_media":0,"parent":0,"menu_order":0,"comment_status":"closed","ping_status":"closed","template":"","meta":{"_editorskit_title_hidden":false,"_editorskit_reading_time":0,"_editorskit_is_block_options_detached":false,"_editorskit_block_options_position":"{}","_crdt_document":"","_uag_custom_page_level_css":"","site-sidebar-layout":"default","site-content-layout":"","ast-site-content-layout":"default","site-content-style":"default","site-sidebar-style":"default","ast-global-header-display":"","ast-banner-title-visibility":"","ast-main-header-display":"","ast-hfb-above-header-display":"","ast-hfb-below-header-display":"","ast-hfb-mobile-header-display":"","site-post-title":"disabled","ast-breadcrumbs-content":"","ast-featured-img":"","footer-sml-layout":"","ast-disable-related-posts":"","theme-transparent-header-meta":"","adv-header-id-meta":"","stick-header-meta":"","header-above-stick-meta":"","header-main-stick-meta":"","header-below-stick-meta":"","astra-migrate-meta-layouts":"default","ast-page-background-enabled":"default","ast-page-background-meta":{"desktop":{"background-color":"var(--ast-global-color-4)","background-image":"","background-repeat":"repeat","background-position":"center center","background-size":"auto","background-attachment":"scroll","background-type":"","background-media":"","overlay-type":"","overlay-color":"","overlay-opacity":"","overlay-gradient":""},"tablet":{"background-color":"","background-image":"","background-repeat":"repeat","background-position":"center center","background-size":"auto","background-attachment":"scroll","background-type":"","background-media":"","overlay-type":"","overlay-color":"","overlay-opacity":"","overlay-gradient":""},"mobile":{"background-color":"","background-image":"","background-repeat":"repeat","background-position":"center center","background-size":"auto","background-attachment":"scroll","background-type":"","background-media":"","overlay-type":"","overlay-color":"","overlay-opacity":"","overlay-gradient":""}},"ast-content-background-meta":{"desktop":{"background-color":"var(--ast-global-color-5)","background-image":"","background-repeat":"repeat","background-position":"center center","background-size":"auto","background-attachment":"scroll","background-type":"","background-media":"","overlay-type":"","overlay-color":"","overlay-opacity":"","overlay-gradient":""},"tablet":{"background-color":"var(--ast-global-color-5)","background-image":"","background-repeat":"repeat","background-position":"center center","background-size":"auto","background-attachment":"scroll","background-type":"","background-media":"","overlay-type":"","overlay-color":"","overlay-opacity":"","overlay-gradient":""},"mobile":{"background-color":"var(--ast-global-color-5)","background-image":"","background-repeat":"repeat","background-position":"center center","background-size":"auto","background-attachment":"scroll","background-type":"","background-media":"","overlay-type":"","overlay-color":"","overlay-opacity":"","overlay-gradient":""}},"footnotes":""},"class_list":["post-2086","page","type-page","status-publish","hentry"],"uagb_featured_image_src":{"full":false,"thumbnail":false,"medium":false,"medium_large":false,"large":false,"thumblist":false,"thumbrelated":false,"meccarouselthumb":false,"gridsquare":false,"tileview":false,"1536x1536":false,"2048x2048":false,"trp-custom-language-flag":false,"woocommerce_thumbnail":false,"woocommerce_single":false,"woocommerce_gallery_thumbnail":false},"uagb_author_info":{"display_name":"DiscoverAdmin","author_link":"https:\/\/discover.anandakalyani.org\/pt\/author\/discoveradmin\/"},"uagb_comment_info":0,"uagb_excerpt":null,"jetpack_sharing_enabled":true,"_links":{"self":[{"href":"https:\/\/discover.anandakalyani.org\/pt\/wp-json\/wp\/v2\/pages\/2086","targetHints":{"allow":["GET"]}}],"collection":[{"href":"https:\/\/discover.anandakalyani.org\/pt\/wp-json\/wp\/v2\/pages"}],"about":[{"href":"https:\/\/discover.anandakalyani.org\/pt\/wp-json\/wp\/v2\/types\/page"}],"author":[{"embeddable":true,"href":"https:\/\/discover.anandakalyani.org\/pt\/wp-json\/wp\/v2\/users\/1"}],"replies":[{"embeddable":true,"href":"https:\/\/discover.anandakalyani.org\/pt\/wp-json\/wp\/v2\/comments?post=2086"}],"version-history":[{"count":23,"href":"https:\/\/discover.anandakalyani.org\/pt\/wp-json\/wp\/v2\/pages\/2086\/revisions"}],"predecessor-version":[{"id":4682,"href":"https:\/\/discover.anandakalyani.org\/pt\/wp-json\/wp\/v2\/pages\/2086\/revisions\/4682"}],"wp:attachment":[{"href":"https:\/\/discover.anandakalyani.org\/pt\/wp-json\/wp\/v2\/media?parent=2086"}],"curies":[{"name":"wp","href":"https:\/\/api.w.org\/{rel}","templated":true}]}}